{"id":475,"date":"2017-03-14T11:10:17","date_gmt":"2017-03-14T09:10:17","guid":{"rendered":"http:\/\/jounieh.website\/inprogress\/?page_id=475"},"modified":"2017-05-12T14:13:01","modified_gmt":"2017-05-12T12:13:01","slug":"municipal-budget","status":"publish","type":"page","link":"http:\/\/jounieh.website\/inprogress\/fr\/municipal-budget\/","title":{"rendered":"Budget Municipal"},"content":{"rendered":"<p>[vc_row][vc_column][vc_column_text]Ann\u00e9e 2017<\/p>\n<p>Ann\u00e9e 2016<\/p>\n<p>Ann\u00e9e 2015<\/p>\n<p>Ann\u00e9e 2014<\/p>\n<p>Ann\u00e9e 2013<\/p>\n<p>Ann\u00e9e 2012<\/p>\n<p>Ann\u00e9e 2011<\/p>\n<p>Ann\u00e9e 2010[\/vc_column_text][\/vc_column][\/vc_row]<\/p>","protected":false},"excerpt":{"rendered":"<p>[vc_row][vc_column][vc_column_text]Ann\u00e9e 2017 Ann\u00e9e 2016 Ann\u00e9e 2015 Ann\u00e9e 2014 Ann\u00e9e 2013 Ann\u00e9e 2012 Ann\u00e9e 2011 Ann\u00e9e 2010[\/vc_column_text][\/vc_column][\/vc_row]<\/p>\n","protected":false},"author":1,"featured_media":0,"parent":0,"menu_order":0,"comment_status":"open","ping_status":"closed","template":"","meta":[],"_links":{"self":[{"href":"http:\/\/jounieh.website\/inprogress\/fr\/wp-json\/wp\/v2\/pages\/475"}],"collection":[{"href":"http:\/\/jounieh.website\/inprogress\/fr\/wp-json\/wp\/v2\/pages"}],"about":[{"href":"http:\/\/jounieh.website\/inprogress\/fr\/wp-json\/wp\/v2\/types\/page"}],"author":[{"embeddable":true,"href":"http:\/\/jounieh.website\/inprogress\/fr\/wp-json\/wp\/v2\/users\/1"}],"replies":[{"embeddable":true,"href":"http:\/\/jounieh.website\/inprogress\/fr\/wp-json\/wp\/v2\/comments?post=475"}],"version-history":[{"count":4,"href":"http:\/\/jounieh.website\/inprogress\/fr\/wp-json\/wp\/v2\/pages\/475\/revisions"}],"predecessor-version":[{"id":4769,"href":"http:\/\/jounieh.website\/inprogress\/fr\/wp-json\/wp\/v2\/pages\/475\/revisions\/4769"}],"wp:attachment":[{"href":"http:\/\/jounieh.website\/inprogress\/fr\/wp-json\/wp\/v2\/media?parent=475"}],"curies":[{"name":"wp","href":"https:\/\/api.w.org\/{rel}","templated":true}]}}